{"id":2154,"date":"2024-01-09T17:02:53","date_gmt":"2024-01-09T20:02:53","guid":{"rendered":"https:\/\/leprimebc.com.br\/?page_id=2154"},"modified":"2024-01-24T10:12:48","modified_gmt":"2024-01-24T13:12:48","slug":"servicos-2","status":"publish","type":"page","link":"https:\/\/leprimebc.com.br\/?page_id=2154","title":{"rendered":"Servi\u00e7os"},"content":{"rendered":"\t\t<div data-elementor-type=\"wp-page\" data-elementor-id=\"2154\" class=\"elementor elementor-2154\" data-elementor-post-type=\"page\">\n\t\t\t\t<div class=\"elementor-element elementor-element-cca8fc4 e-flex e-con-boxed e-con e-parent\" data-id=\"cca8fc4\" data-element_type=\"container\" data-e-type=\"container\" data-settings=\"{&quot;background_background&quot;:&quot;classic&quot;}\">\n\t\t\t\t\t<div class=\"e-con-inner\">\n\t\t\t\t\t<\/div>\n\t\t\t\t<\/div>\n\t\t<div class=\"elementor-element elementor-element-3e71c994 e-con-full e-flex e-con e-parent\" data-id=\"3e71c994\" data-element_type=\"container\" data-e-type=\"container\" data-settings=\"{&quot;background_background&quot;:&quot;video&quot;}\">\n\t\t<div class=\"elementor-element elementor-element-6dc2ec3d e-con-full e-flex e-con e-child\" data-id=\"6dc2ec3d\" data-element_type=\"container\" data-e-type=\"container\">\n\t\t\t\t<div class=\"elementor-element elementor-element-5e80c24 elementor-widget__width-initial elementor-widget-tablet__width-inherit elementor-widget elementor-widget-heading\" data-id=\"5e80c24\" data-element_type=\"widget\" data-e-type=\"widget\" data-widget_type=\"heading.default\">\n\t\t\t\t<div class=\"elementor-widget-container\">\n\t\t\t\t\t<h2 class=\"elementor-heading-title elementor-size-default\">Conhe\u00e7a os nossos servi\u00e7os<\/h2>\t\t\t\t<\/div>\n\t\t\t\t<\/div>\n\t\t\t\t<div class=\"elementor-element elementor-element-202ac4f elementor-widget__width-inherit elementor-widget-divider--view-line elementor-invisible elementor-widget elementor-widget-divider\" data-id=\"202ac4f\" data-element_type=\"widget\" data-e-type=\"widget\" data-settings=\"{&quot;_animation&quot;:&quot;fadeInLeft&quot;}\" data-widget_type=\"divider.default\">\n\t\t\t\t<div class=\"elementor-widget-container\">\n\t\t\t\t\t\t\t<div class=\"elementor-divider\">\n\t\t\t<span class=\"elementor-divider-separator\">\n\t\t\t\t\t\t<\/span>\n\t\t<\/div>\n\t\t\t\t\t\t<\/div>\n\t\t\t\t<\/div>\n\t\t\t\t<div class=\"elementor-element elementor-element-a26e57b elementor-widget__width-initial elementor-widget-tablet__width-inherit elementor-widget elementor-widget-text-editor\" data-id=\"a26e57b\" data-element_type=\"widget\" data-e-type=\"widget\" data-widget_type=\"text-editor.default\">\n\t\t\t\t<div class=\"elementor-widget-container\">\n\t\t\t\t\t\t\t\t\t<p>Oferecemos uma ampla gama de servi\u00e7os de instala\u00e7\u00f5es el\u00e9tricas para atender \u00e0s necessidades espec\u00edficas de nossos clientes. Conte conosco para instala\u00e7\u00f5es el\u00e9tricas eficientes, modernas e personalizadas, conforto e efici\u00eancia energ\u00e9tica para o seu espa\u00e7o.<\/p>\t\t\t\t\t\t\t\t<\/div>\n\t\t\t\t<\/div>\n\t\t\t\t<\/div>\n\t\t\t\t<\/div>\n\t\t<div class=\"elementor-element elementor-element-21b870b4 e-con-full e-flex e-con e-parent\" data-id=\"21b870b4\" data-element_type=\"container\" data-e-type=\"container\" data-settings=\"{&quot;background_background&quot;:&quot;classic&quot;}\">\n\t\t<div class=\"elementor-element elementor-element-75960dcd e-con-full e-flex e-con e-child\" data-id=\"75960dcd\" data-element_type=\"container\" data-e-type=\"container\">\n\t\t\t\t<div class=\"elementor-element elementor-element-434e909b elementor-widget elementor-widget-heading\" data-id=\"434e909b\" data-element_type=\"widget\" data-e-type=\"widget\" data-widget_type=\"heading.default\">\n\t\t\t\t<div class=\"elementor-widget-container\">\n\t\t\t\t\t<p class=\"elementor-heading-title elementor-size-default\">seu ambiente iluminado<\/p>\t\t\t\t<\/div>\n\t\t\t\t<\/div>\n\t\t\t\t<div class=\"elementor-element elementor-element-50ce54bf elementor-widget__width-initial elementor-widget elementor-widget-heading\" data-id=\"50ce54bf\" data-element_type=\"widget\" data-e-type=\"widget\" data-widget_type=\"heading.default\">\n\t\t\t\t<div class=\"elementor-widget-container\">\n\t\t\t\t\t<h2 class=\"elementor-heading-title elementor-size-default\">Instala\u00e7\u00f5es El\u00e9tricas<\/h2>\t\t\t\t<\/div>\n\t\t\t\t<\/div>\n\t\t\t\t<div class=\"elementor-element elementor-element-23a0ac46 elementor-widget-mobile__width-initial elementor-widget elementor-widget-text-editor\" data-id=\"23a0ac46\" data-element_type=\"widget\" data-e-type=\"widget\" data-widget_type=\"text-editor.default\">\n\t\t\t\t<div class=\"elementor-widget-container\">\n\t\t\t\t\t\t\t\t\t<p>Oferecemos servi\u00e7os especializados em instala\u00e7\u00f5es el\u00e9tricas de alto padr\u00e3o, abrangendo projetos residenciais, prediais e industriais. Nossa equipe altamente qualificada assegura solu\u00e7\u00f5es personalizadas e seguras, garantindo a conformidade com os mais elevados padr\u00f5es de qualidade em cada instala\u00e7\u00e3o.<\/p>\t\t\t\t\t\t\t\t<\/div>\n\t\t\t\t<\/div>\n\t\t\t\t<\/div>\n\t\t<div class=\"elementor-element elementor-element-88d86d8 e-con-full e-flex e-con e-child\" data-id=\"88d86d8\" data-element_type=\"container\" data-e-type=\"container\">\n\t\t\t\t<div class=\"elementor-element elementor-element-c2eb4a6 elementor-widget__width-initial elementor-widget elementor-widget-image\" data-id=\"c2eb4a6\" data-element_type=\"widget\" data-e-type=\"widget\" data-widget_type=\"image.default\">\n\t\t\t\t<div class=\"elementor-widget-container\">\n\t\t\t\t\t\t\t\t\t\t\t\t\t\t\t<img fetchpriority=\"high\" decoding=\"async\" width=\"1080\" height=\"1400\" src=\"https:\/\/leprimebc.com.br\/wp-content\/uploads\/2024\/01\/5-2.png\" class=\"attachment-full size-full wp-image-1775\" alt=\"\" srcset=\"https:\/\/leprimebc.com.br\/wp-content\/uploads\/2024\/01\/5-2.png 1080w, https:\/\/leprimebc.com.br\/wp-content\/uploads\/2024\/01\/5-2-231x300.png 231w, https:\/\/leprimebc.com.br\/wp-content\/uploads\/2024\/01\/5-2-790x1024.png 790w, https:\/\/leprimebc.com.br\/wp-content\/uploads\/2024\/01\/5-2-768x996.png 768w\" sizes=\"(max-width: 1080px) 100vw, 1080px\" \/>\t\t\t\t\t\t\t\t\t\t\t\t\t\t\t<\/div>\n\t\t\t\t<\/div>\n\t\t\t\t<\/div>\n\t\t\t\t<\/div>\n\t\t<div class=\"elementor-element elementor-element-e96c0de e-con-full e-flex e-con e-parent\" data-id=\"e96c0de\" data-element_type=\"container\" data-e-type=\"container\" data-settings=\"{&quot;background_background&quot;:&quot;classic&quot;}\">\n\t\t<div class=\"elementor-element elementor-element-afa4308 e-con-full e-flex e-con e-child\" data-id=\"afa4308\" data-element_type=\"container\" data-e-type=\"container\">\n\t\t\t\t<div class=\"elementor-element elementor-element-5919970 elementor-widget elementor-widget-heading\" data-id=\"5919970\" data-element_type=\"widget\" data-e-type=\"widget\" data-widget_type=\"heading.default\">\n\t\t\t\t<div class=\"elementor-widget-container\">\n\t\t\t\t\t<p class=\"elementor-heading-title elementor-size-default\">ambiente inteligente<\/p>\t\t\t\t<\/div>\n\t\t\t\t<\/div>\n\t\t\t\t<div class=\"elementor-element elementor-element-e1c6922 elementor-widget__width-initial elementor-widget elementor-widget-heading\" data-id=\"e1c6922\" data-element_type=\"widget\" data-e-type=\"widget\" data-widget_type=\"heading.default\">\n\t\t\t\t<div class=\"elementor-widget-container\">\n\t\t\t\t\t<h2 class=\"elementor-heading-title elementor-size-default\">Infraestrutura de\nAutoma\u00e7\u00e3o<\/h2>\t\t\t\t<\/div>\n\t\t\t\t<\/div>\n\t\t\t\t<div class=\"elementor-element elementor-element-8ccbc46 elementor-widget-mobile__width-initial elementor-widget elementor-widget-text-editor\" data-id=\"8ccbc46\" data-element_type=\"widget\" data-e-type=\"widget\" data-widget_type=\"text-editor.default\">\n\t\t\t\t<div class=\"elementor-widget-container\">\n\t\t\t\t\t\t\t\t\t<p><span>Transformamos espa\u00e7os, oferecendo efici\u00eancia e conveni\u00eancia atrav\u00e9s de solu\u00e7\u00f5es de automa\u00e7\u00e3o inteligentes. <\/span><span>A integra\u00e7\u00e3o de sistemas \u00e0 cria\u00e7\u00e3o de ambientes controlados garante uma automa\u00e7\u00e3o personalizada para otimizar suas opera\u00e7\u00f5es.<\/span><\/p>\t\t\t\t\t\t\t\t<\/div>\n\t\t\t\t<\/div>\n\t\t\t\t<\/div>\n\t\t<div class=\"elementor-element elementor-element-cba2b34 e-con-full e-flex e-con e-child\" data-id=\"cba2b34\" data-element_type=\"container\" data-e-type=\"container\">\n\t\t\t\t<div class=\"elementor-element elementor-element-1edca4b elementor-widget__width-initial elementor-widget elementor-widget-image\" data-id=\"1edca4b\" data-element_type=\"widget\" data-e-type=\"widget\" data-widget_type=\"image.default\">\n\t\t\t\t<div class=\"elementor-widget-container\">\n\t\t\t\t\t\t\t\t\t\t\t\t\t\t\t<img decoding=\"async\" width=\"1080\" height=\"1400\" src=\"https:\/\/leprimebc.com.br\/wp-content\/uploads\/2024\/01\/Projetos-Le-Prime-BC-1080-x-1400-px.png\" class=\"attachment-full size-full wp-image-2207\" alt=\"\" srcset=\"https:\/\/leprimebc.com.br\/wp-content\/uploads\/2024\/01\/Projetos-Le-Prime-BC-1080-x-1400-px.png 1080w, https:\/\/leprimebc.com.br\/wp-content\/uploads\/2024\/01\/Projetos-Le-Prime-BC-1080-x-1400-px-231x300.png 231w, https:\/\/leprimebc.com.br\/wp-content\/uploads\/2024\/01\/Projetos-Le-Prime-BC-1080-x-1400-px-790x1024.png 790w, https:\/\/leprimebc.com.br\/wp-content\/uploads\/2024\/01\/Projetos-Le-Prime-BC-1080-x-1400-px-768x996.png 768w\" sizes=\"(max-width: 1080px) 100vw, 1080px\" \/>\t\t\t\t\t\t\t\t\t\t\t\t\t\t\t<\/div>\n\t\t\t\t<\/div>\n\t\t\t\t<\/div>\n\t\t\t\t<\/div>\n\t\t<div class=\"elementor-element elementor-element-70e33249 e-con-full e-flex e-con e-parent\" data-id=\"70e33249\" data-element_type=\"container\" data-e-type=\"container\" data-settings=\"{&quot;background_background&quot;:&quot;classic&quot;}\">\n\t\t\t\t<div class=\"elementor-element elementor-element-509cf41a elementor-widget elementor-widget-heading\" data-id=\"509cf41a\" data-element_type=\"widget\" data-e-type=\"widget\" data-widget_type=\"heading.default\">\n\t\t\t\t<div class=\"elementor-widget-container\">\n\t\t\t\t\t<h2 class=\"elementor-heading-title elementor-size-default\">CONFIRA<\/h2>\t\t\t\t<\/div>\n\t\t\t\t<\/div>\n\t\t\t\t<div class=\"elementor-element elementor-element-75e66577 elementor-widget elementor-widget-heading\" data-id=\"75e66577\" data-element_type=\"widget\" data-e-type=\"widget\" data-widget_type=\"heading.default\">\n\t\t\t\t<div class=\"elementor-widget-container\">\n\t\t\t\t\t<h2 class=\"elementor-heading-title elementor-size-default\">nosso portif\u00f3lio<\/h2>\t\t\t\t<\/div>\n\t\t\t\t<\/div>\n\t\t\t\t<div class=\"elementor-element elementor-element-4187ec13 elementor-align-center elementor-widget elementor-widget-button\" data-id=\"4187ec13\" data-element_type=\"widget\" data-e-type=\"widget\" data-widget_type=\"button.default\">\n\t\t\t\t<div class=\"elementor-widget-container\">\n\t\t\t\t\t\t\t\t\t<div class=\"elementor-button-wrapper\">\n\t\t\t\t\t<a class=\"elementor-button elementor-button-link elementor-size-sm elementor-animation-grow\" href=\"https:\/\/leprimebc.com.br\/?page_id=1742\">\n\t\t\t\t\t\t<span class=\"elementor-button-content-wrapper\">\n\t\t\t\t\t\t\t\t\t<span class=\"elementor-button-text\">cLIQUE AQUI<\/span>\n\t\t\t\t\t<\/span>\n\t\t\t\t\t<\/a>\n\t\t\t\t<\/div>\n\t\t\t\t\t\t\t\t<\/div>\n\t\t\t\t<\/div>\n\t\t\t\t<\/div>\n\t\t<div class=\"elementor-element elementor-element-0c5fc34 e-con-full e-flex e-con e-parent\" data-id=\"0c5fc34\" data-element_type=\"container\" data-e-type=\"container\" data-settings=\"{&quot;background_background&quot;:&quot;classic&quot;}\">\n\t\t<div class=\"elementor-element elementor-element-b72193a e-con-full e-flex e-con e-child\" data-id=\"b72193a\" data-element_type=\"container\" data-e-type=\"container\">\n\t\t\t\t<div class=\"elementor-element elementor-element-77182b9 elementor-widget elementor-widget-heading\" data-id=\"77182b9\" data-element_type=\"widget\" data-e-type=\"widget\" data-widget_type=\"heading.default\">\n\t\t\t\t<div class=\"elementor-widget-container\">\n\t\t\t\t\t<p class=\"elementor-heading-title elementor-size-default\">seu ambiente seguro<\/p>\t\t\t\t<\/div>\n\t\t\t\t<\/div>\n\t\t\t\t<div class=\"elementor-element elementor-element-60695f4 elementor-widget__width-initial elementor-widget elementor-widget-heading\" data-id=\"60695f4\" data-element_type=\"widget\" data-e-type=\"widget\" data-widget_type=\"heading.default\">\n\t\t\t\t<div class=\"elementor-widget-container\">\n\t\t\t\t\t<h2 class=\"elementor-heading-title elementor-size-default\">Infraestrutura Sistema de Seguran\u00e7a\n<\/h2>\t\t\t\t<\/div>\n\t\t\t\t<\/div>\n\t\t\t\t<div class=\"elementor-element elementor-element-8cecab3 elementor-widget-mobile__width-initial elementor-widget elementor-widget-text-editor\" data-id=\"8cecab3\" data-element_type=\"widget\" data-e-type=\"widget\" data-widget_type=\"text-editor.default\">\n\t\t\t\t<div class=\"elementor-widget-container\">\n\t\t\t\t\t\t\t\t\t<p>Desenvolvemos e instalamos sistemas de seguran\u00e7a de \u00faltima gera\u00e7\u00e3o, abrangendo vigil\u00e2ncia por c\u00e2meras, controle de acesso e monitoramento remoto, garantindo prote\u00e7\u00e3o ininterrupta para seus espa\u00e7os comerciais ou residenciais.<\/p>\t\t\t\t\t\t\t\t<\/div>\n\t\t\t\t<\/div>\n\t\t\t\t<\/div>\n\t\t<div class=\"elementor-element elementor-element-004281d e-con-full e-flex e-con e-child\" data-id=\"004281d\" data-element_type=\"container\" data-e-type=\"container\">\n\t\t\t\t<div class=\"elementor-element elementor-element-3f9b856 elementor-widget__width-initial elementor-widget elementor-widget-image\" data-id=\"3f9b856\" data-element_type=\"widget\" data-e-type=\"widget\" data-widget_type=\"image.default\">\n\t\t\t\t<div class=\"elementor-widget-container\">\n\t\t\t\t\t\t\t\t\t\t\t\t\t\t\t<img decoding=\"async\" width=\"1080\" height=\"1400\" src=\"https:\/\/leprimebc.com.br\/wp-content\/uploads\/2024\/01\/Projetos-Le-Prime-BC-1080-x-1400-px-1.png\" class=\"attachment-full size-full wp-image-2208\" alt=\"\" srcset=\"https:\/\/leprimebc.com.br\/wp-content\/uploads\/2024\/01\/Projetos-Le-Prime-BC-1080-x-1400-px-1.png 1080w, https:\/\/leprimebc.com.br\/wp-content\/uploads\/2024\/01\/Projetos-Le-Prime-BC-1080-x-1400-px-1-231x300.png 231w, https:\/\/leprimebc.com.br\/wp-content\/uploads\/2024\/01\/Projetos-Le-Prime-BC-1080-x-1400-px-1-790x1024.png 790w, https:\/\/leprimebc.com.br\/wp-content\/uploads\/2024\/01\/Projetos-Le-Prime-BC-1080-x-1400-px-1-768x996.png 768w\" sizes=\"(max-width: 1080px) 100vw, 1080px\" \/>\t\t\t\t\t\t\t\t\t\t\t\t\t\t\t<\/div>\n\t\t\t\t<\/div>\n\t\t\t\t<\/div>\n\t\t\t\t<\/div>\n\t\t<div class=\"elementor-element elementor-element-c9184bf e-con-full e-flex e-con e-parent\" data-id=\"c9184bf\" data-element_type=\"container\" data-e-type=\"container\" data-settings=\"{&quot;background_background&quot;:&quot;classic&quot;}\">\n\t\t<div class=\"elementor-element elementor-element-8bdb7c6 e-con-full e-flex e-con e-child\" data-id=\"8bdb7c6\" data-element_type=\"container\" data-e-type=\"container\">\n\t\t\t\t<div class=\"elementor-element elementor-element-18ad06b elementor-widget elementor-widget-heading\" data-id=\"18ad06b\" data-element_type=\"widget\" data-e-type=\"widget\" data-widget_type=\"heading.default\">\n\t\t\t\t<div class=\"elementor-widget-container\">\n\t\t\t\t\t<p class=\"elementor-heading-title elementor-size-default\">ambiente conectado<\/p>\t\t\t\t<\/div>\n\t\t\t\t<\/div>\n\t\t\t\t<div class=\"elementor-element elementor-element-9e86c21 elementor-widget__width-initial elementor-widget elementor-widget-heading\" data-id=\"9e86c21\" data-element_type=\"widget\" data-e-type=\"widget\" data-widget_type=\"heading.default\">\n\t\t\t\t<div class=\"elementor-widget-container\">\n\t\t\t\t\t<h2 class=\"elementor-heading-title elementor-size-default\">Infraestrutura de Telecomunica\u00e7\u00f5es\n<\/h2>\t\t\t\t<\/div>\n\t\t\t\t<\/div>\n\t\t\t\t<div class=\"elementor-element elementor-element-4924d99 elementor-widget elementor-widget-text-editor\" data-id=\"4924d99\" data-element_type=\"widget\" data-e-type=\"widget\" data-widget_type=\"text-editor.default\">\n\t\t\t\t<div class=\"elementor-widget-container\">\n\t\t\t\t\t\t\t\t\t<p><span>Mantenha-se conectado com solu\u00e7\u00f5es de telecomunica\u00e7\u00f5es de ponta. <\/span><span>Desde redes de dados at\u00e9 comunica\u00e7\u00f5es por voz, projetamos e implementamos infraestruturas robustas para manter sua empresa ou resid\u00eancia sempre online e comunicativa.<\/span><\/p>\t\t\t\t\t\t\t\t<\/div>\n\t\t\t\t<\/div>\n\t\t\t\t<\/div>\n\t\t<div class=\"elementor-element elementor-element-02d695a e-con-full e-flex e-con e-child\" data-id=\"02d695a\" data-element_type=\"container\" data-e-type=\"container\">\n\t\t\t\t<div class=\"elementor-element elementor-element-aeb233c elementor-widget__width-initial elementor-widget elementor-widget-image\" data-id=\"aeb233c\" data-element_type=\"widget\" data-e-type=\"widget\" data-widget_type=\"image.default\">\n\t\t\t\t<div class=\"elementor-widget-container\">\n\t\t\t\t\t\t\t\t\t\t\t\t\t\t\t<img loading=\"lazy\" decoding=\"async\" width=\"1080\" height=\"1400\" src=\"https:\/\/leprimebc.com.br\/wp-content\/uploads\/2024\/01\/Projetos-Le-Prime-BC-1080-x-1400-px-2.png\" class=\"attachment-full size-full wp-image-2210\" alt=\"\" srcset=\"https:\/\/leprimebc.com.br\/wp-content\/uploads\/2024\/01\/Projetos-Le-Prime-BC-1080-x-1400-px-2.png 1080w, https:\/\/leprimebc.com.br\/wp-content\/uploads\/2024\/01\/Projetos-Le-Prime-BC-1080-x-1400-px-2-231x300.png 231w, https:\/\/leprimebc.com.br\/wp-content\/uploads\/2024\/01\/Projetos-Le-Prime-BC-1080-x-1400-px-2-790x1024.png 790w, https:\/\/leprimebc.com.br\/wp-content\/uploads\/2024\/01\/Projetos-Le-Prime-BC-1080-x-1400-px-2-768x996.png 768w\" sizes=\"(max-width: 1080px) 100vw, 1080px\" \/>\t\t\t\t\t\t\t\t\t\t\t\t\t\t\t<\/div>\n\t\t\t\t<\/div>\n\t\t\t\t<\/div>\n\t\t\t\t<\/div>\n\t\t<div class=\"elementor-element elementor-element-2dbe9f2 e-con-full e-flex e-con e-parent\" data-id=\"2dbe9f2\" data-element_type=\"container\" data-e-type=\"container\" data-settings=\"{&quot;background_background&quot;:&quot;classic&quot;}\">\n\t\t<div class=\"elementor-element elementor-element-e4c59fc e-con-full e-flex e-con e-child\" data-id=\"e4c59fc\" data-element_type=\"container\" data-e-type=\"container\">\n\t\t\t\t<div class=\"elementor-element elementor-element-c6c7301 elementor-widget elementor-widget-heading\" data-id=\"c6c7301\" data-element_type=\"widget\" data-e-type=\"widget\" data-widget_type=\"heading.default\">\n\t\t\t\t<div class=\"elementor-widget-container\">\n\t\t\t\t\t<p class=\"elementor-heading-title elementor-size-default\">proteja seu ambiente<\/p>\t\t\t\t<\/div>\n\t\t\t\t<\/div>\n\t\t\t\t<div class=\"elementor-element elementor-element-772e04a elementor-widget__width-initial elementor-widget elementor-widget-heading\" data-id=\"772e04a\" data-element_type=\"widget\" data-e-type=\"widget\" data-widget_type=\"heading.default\">\n\t\t\t\t<div class=\"elementor-widget-container\">\n\t\t\t\t\t<h2 class=\"elementor-heading-title elementor-size-default\">Infraestrutura de Alarme de Inc\u00eandio\n<\/h2>\t\t\t\t<\/div>\n\t\t\t\t<\/div>\n\t\t\t\t<div class=\"elementor-element elementor-element-4c3c84c elementor-widget elementor-widget-text-editor\" data-id=\"4c3c84c\" data-element_type=\"widget\" data-e-type=\"widget\" data-widget_type=\"text-editor.default\">\n\t\t\t\t<div class=\"elementor-widget-container\">\n\t\t\t\t\t\t\t\t\t<p><span>A seguran\u00e7a contra inc\u00eandios \u00e9 crucial. Realizamos a i<\/span><span>mplementa\u00e7\u00e3o de sistemas de alarme de inc\u00eandio que detectam precocemente qualquer sinal de perigo, permitindo uma resposta r\u00e1pida e eficaz para proteger vidas e propriedades.<\/span><\/p>\t\t\t\t\t\t\t\t<\/div>\n\t\t\t\t<\/div>\n\t\t\t\t<\/div>\n\t\t<div class=\"elementor-element elementor-element-cd5505b e-con-full e-flex e-con e-child\" data-id=\"cd5505b\" data-element_type=\"container\" data-e-type=\"container\">\n\t\t\t\t<div class=\"elementor-element elementor-element-dba99ab elementor-widget__width-initial elementor-widget elementor-widget-image\" data-id=\"dba99ab\" data-element_type=\"widget\" data-e-type=\"widget\" data-widget_type=\"image.default\">\n\t\t\t\t<div class=\"elementor-widget-container\">\n\t\t\t\t\t\t\t\t\t\t\t\t\t\t\t<img loading=\"lazy\" decoding=\"async\" width=\"1080\" height=\"1400\" src=\"https:\/\/leprimebc.com.br\/wp-content\/uploads\/2024\/01\/Projetos-Le-Prime-BC-1080-x-1400-px-3.png\" class=\"attachment-full size-full wp-image-2209\" alt=\"\" srcset=\"https:\/\/leprimebc.com.br\/wp-content\/uploads\/2024\/01\/Projetos-Le-Prime-BC-1080-x-1400-px-3.png 1080w, https:\/\/leprimebc.com.br\/wp-content\/uploads\/2024\/01\/Projetos-Le-Prime-BC-1080-x-1400-px-3-231x300.png 231w, https:\/\/leprimebc.com.br\/wp-content\/uploads\/2024\/01\/Projetos-Le-Prime-BC-1080-x-1400-px-3-790x1024.png 790w, https:\/\/leprimebc.com.br\/wp-content\/uploads\/2024\/01\/Projetos-Le-Prime-BC-1080-x-1400-px-3-768x996.png 768w\" sizes=\"(max-width: 1080px) 100vw, 1080px\" \/>\t\t\t\t\t\t\t\t\t\t\t\t\t\t\t<\/div>\n\t\t\t\t<\/div>\n\t\t\t\t<\/div>\n\t\t\t\t<\/div>\n\t\t\t\t<\/div>\n\t\t","protected":false},"excerpt":{"rendered":"<p>Conhe\u00e7a os nossos servi\u00e7os Oferecemos uma ampla gama de servi\u00e7os de instala\u00e7\u00f5es el\u00e9tricas para atender \u00e0s necessidades espec\u00edficas de nossos clientes. Conte conosco para instala\u00e7\u00f5es el\u00e9tricas eficientes, modernas e personalizadas, conforto e efici\u00eancia energ\u00e9tica para o seu espa\u00e7o. seu ambiente iluminado Instala\u00e7\u00f5es El\u00e9tricas Oferecemos servi\u00e7os especializados em instala\u00e7\u00f5es el\u00e9tricas de alto padr\u00e3o, abrangendo projetos residenciais, [&hellip;]<\/p>\n","protected":false},"author":1,"featured_media":0,"parent":0,"menu_order":0,"comment_status":"closed","ping_status":"closed","template":"","meta":{"footnotes":""},"class_list":["post-2154","page","type-page","status-publish","hentry"],"_links":{"self":[{"href":"https:\/\/leprimebc.com.br\/index.php?rest_route=\/wp\/v2\/pages\/2154","targetHints":{"allow":["GET"]}}],"collection":[{"href":"https:\/\/leprimebc.com.br\/index.php?rest_route=\/wp\/v2\/pages"}],"about":[{"href":"https:\/\/leprimebc.com.br\/index.php?rest_route=\/wp\/v2\/types\/page"}],"author":[{"embeddable":true,"href":"https:\/\/leprimebc.com.br\/index.php?rest_route=\/wp\/v2\/users\/1"}],"replies":[{"embeddable":true,"href":"https:\/\/leprimebc.com.br\/index.php?rest_route=%2Fwp%2Fv2%2Fcomments&post=2154"}],"version-history":[{"count":286,"href":"https:\/\/leprimebc.com.br\/index.php?rest_route=\/wp\/v2\/pages\/2154\/revisions"}],"predecessor-version":[{"id":3299,"href":"https:\/\/leprimebc.com.br\/index.php?rest_route=\/wp\/v2\/pages\/2154\/revisions\/3299"}],"wp:attachment":[{"href":"https:\/\/leprimebc.com.br\/index.php?rest_route=%2Fwp%2Fv2%2Fmedia&parent=2154"}],"curies":[{"name":"wp","href":"https:\/\/api.w.org\/{rel}","templated":true}]}}